{"id":561,"date":"2012-07-25T23:15:29","date_gmt":"2012-07-26T02:15:29","guid":{"rendered":"http:\/\/memelab.com.br\/jandig\/?page_id=561"},"modified":"2024-06-19T15:51:22","modified_gmt":"2024-06-19T18:51:22","slug":"forum-internacional-de-software-livre","status":"publish","type":"page","link":"http:\/\/memelab.com.br\/jandig\/exposicoes\/forum-internacional-de-software-livre\/","title":{"rendered":"F\u00f3rum Internacional de Software Livre"},"content":{"rendered":"<h6>Interven\u00e7\u00e3o e palestra &#8220;Jandig&#8221;, a convite da organiza\u00e7\u00e3o do evento, que ocorreu na PUC, Porto Alegre (RS) de\u00a025 a 28 de Julho de 2012.<\/h6>\n<p><!--more--><\/p>\n<p>O F\u00f3rum Internacional de Software Livre &#8211; FISL &#8211; acontece anualmente na cidade de Porto Alegre, RS. O f\u00f3rum \u00e9 considerado um dos maiores eventos do mundo na \u00e1rea a proporcionar discuss\u00f5es t\u00e9cnicas, pol\u00edticas e sociais sobre software livre de forma integrada. Em 2012, o evento recebeu 7.709 participantes de 23 pa\u00edses.<\/p>\n<p>Com base no logo do evento, foi criado um marcador que esteve presente em cartazes espalhados pela \u00e1rea de exposi\u00e7\u00f5es e adesivos distribu\u00eddos para os participantes. Foram tamb\u00e9m levados e distr\u00edbu\u00eddos adesivos de outras exposi\u00e7\u00f5es do <strong>Jandig<\/strong>.<\/p>\n\n\t\t<style type=\"text\/css\">\n\t\t\t#gallery-1 {\n\t\t\t\tmargin: auto;\n\t\t\t}\n\t\t\t#gallery-1 .gallery-item {\n\t\t\t\tfloat: left;\n\t\t\t\tmargin-top: 10px;\n\t\t\t\ttext-align: center;\n\t\t\t\twidth: 33%;\n\t\t\t}\n\t\t\t#gallery-1 img {\n\t\t\t\tborder: 2px solid #cfcfcf;\n\t\t\t}\n\t\t\t#gallery-1 .gallery-caption {\n\t\t\t\tmargin-left: 0;\n\t\t\t}\n\t\t\t\/* see gallery_shortcode() in wp-includes\/media.php *\/\n\t\t<\/style>\n\t\t<div data-carousel-extra='{\"blog_id\":1,\"permalink\":\"http:\\\/\\\/memelab.com.br\\\/jandig\\\/exposicoes\\\/forum-internacional-de-software-livre\\\/\",\"likes_blog_id\":false}' id='gallery-1' class='gallery galleryid-561 gallery-columns-3 gallery-size-thumbnail'><dl class='gallery-item'>\n\t\t\t<dt class='gallery-icon portrait'>\n\t\t\t\t<a href='http:\/\/memelab.com.br\/jandig\/exposicoes\/forum-internacional-de-software-livre\/jandig_20120724_184642\/'><img loading=\"lazy\" decoding=\"async\" width=\"300\" height=\"300\" src=\"http:\/\/memelab.com.br\/jandig\/wp-content\/uploads\/Jandig_20120724_184642-300x300.jpg\" class=\"attachment-thumbnail size-thumbnail\" alt=\"\" data-attachment-id=\"637\" data-orig-file=\"http:\/\/memelab.com.br\/jandig\/wp-content\/uploads\/Jandig_20120724_184642.jpg\" data-orig-size=\"600,1024\" data-comments-opened=\"0\" data-image-meta=\"{&quot;aperture&quot;:&quot;0&quot;,&quot;credit&quot;:&quot;&quot;,&quot;camera&quot;:&quot;&quot;,&quot;caption&quot;:&quot;&quot;,&quot;created_timestamp&quot;:&quot;0&quot;,&quot;copyright&quot;:&quot;&quot;,&quot;focal_length&quot;:&quot;0&quot;,&quot;iso&quot;:&quot;0&quot;,&quot;shutter_speed&quot;:&quot;0&quot;,&quot;title&quot;:&quot;&quot;,&quot;orientation&quot;:&quot;1&quot;,&quot;keywords&quot;:&quot;Array&quot;}\" data-image-title=\"fisl\" data-image-description=\"\" data-medium-file=\"http:\/\/memelab.com.br\/jandig\/wp-content\/uploads\/Jandig_20120724_184642-352x600.jpg\" data-large-file=\"http:\/\/memelab.com.br\/jandig\/wp-content\/uploads\/Jandig_20120724_184642.jpg\" \/><\/a>\n\t\t\t<\/dt><\/dl><dl class='gallery-item'>\n\t\t\t<dt class='gallery-icon landscape'>\n\t\t\t\t<a href='http:\/\/memelab.com.br\/jandig\/exposicoes\/forum-internacional-de-software-livre\/ay1b6kicyaep2ff\/'><img loading=\"lazy\" decoding=\"async\" width=\"300\" height=\"300\" src=\"http:\/\/memelab.com.br\/jandig\/wp-content\/uploads\/Ay1b6kICYAEP2FF-300x300.jpg\" class=\"attachment-thumbnail size-thumbnail\" alt=\"\" data-attachment-id=\"634\" data-orig-file=\"http:\/\/memelab.com.br\/jandig\/wp-content\/uploads\/Ay1b6kICYAEP2FF.jpg\" data-orig-size=\"1024,600\" data-comments-opened=\"0\" data-image-meta=\"{&quot;aperture&quot;:&quot;0&quot;,&quot;credit&quot;:&quot;&quot;,&quot;camera&quot;:&quot;&quot;,&quot;caption&quot;:&quot;&quot;,&quot;created_timestamp&quot;:&quot;0&quot;,&quot;copyright&quot;:&quot;&quot;,&quot;focal_length&quot;:&quot;0&quot;,&quot;iso&quot;:&quot;0&quot;,&quot;shutter_speed&quot;:&quot;0&quot;,&quot;title&quot;:&quot;&quot;,&quot;orientation&quot;:&quot;0&quot;,&quot;keywords&quot;:&quot;Array&quot;}\" data-image-title=\"fisl\" data-image-description=\"\" data-medium-file=\"http:\/\/memelab.com.br\/jandig\/wp-content\/uploads\/Ay1b6kICYAEP2FF-600x352.jpg\" data-large-file=\"http:\/\/memelab.com.br\/jandig\/wp-content\/uploads\/Ay1b6kICYAEP2FF.jpg\" \/><\/a>\n\t\t\t<\/dt><\/dl><dl class='gallery-item'>\n\t\t\t<dt class='gallery-icon landscape'>\n\t\t\t\t<a href='http:\/\/memelab.com.br\/jandig\/exposicoes\/forum-internacional-de-software-livre\/ay1ceu1caaacyvo\/'><img loading=\"lazy\" decoding=\"async\" width=\"300\" height=\"300\" src=\"http:\/\/memelab.com.br\/jandig\/wp-content\/uploads\/Ay1cEu1CAAAcYvO-300x300.jpg\" class=\"attachment-thumbnail size-thumbnail\" alt=\"\" data-attachment-id=\"635\" data-orig-file=\"http:\/\/memelab.com.br\/jandig\/wp-content\/uploads\/Ay1cEu1CAAAcYvO.jpg\" data-orig-size=\"1024,600\" data-comments-opened=\"0\" data-image-meta=\"{&quot;aperture&quot;:&quot;0&quot;,&quot;credit&quot;:&quot;&quot;,&quot;camera&quot;:&quot;&quot;,&quot;caption&quot;:&quot;&quot;,&quot;created_timestamp&quot;:&quot;0&quot;,&quot;copyright&quot;:&quot;&quot;,&quot;focal_length&quot;:&quot;0&quot;,&quot;iso&quot;:&quot;0&quot;,&quot;shutter_speed&quot;:&quot;0&quot;,&quot;title&quot;:&quot;&quot;,&quot;orientation&quot;:&quot;0&quot;,&quot;keywords&quot;:&quot;Array&quot;}\" data-image-title=\"fisl\" data-image-description=\"\" data-medium-file=\"http:\/\/memelab.com.br\/jandig\/wp-content\/uploads\/Ay1cEu1CAAAcYvO-600x352.jpg\" data-large-file=\"http:\/\/memelab.com.br\/jandig\/wp-content\/uploads\/Ay1cEu1CAAAcYvO.jpg\" \/><\/a>\n\t\t\t<\/dt><\/dl><br style=\"clear: both\" \/><dl class='gallery-item'>\n\t\t\t<dt class='gallery-icon landscape'>\n\t\t\t\t<a href='http:\/\/memelab.com.br\/jandig\/exposicoes\/forum-internacional-de-software-livre\/ayv8fkgciaiqvwj\/'><img loading=\"lazy\" decoding=\"async\" width=\"300\" height=\"300\" src=\"http:\/\/memelab.com.br\/jandig\/wp-content\/uploads\/Ayv8FkGCIAIqVWJ-300x300.jpg\" class=\"attachment-thumbnail size-thumbnail\" alt=\"\" data-attachment-id=\"636\" data-orig-file=\"http:\/\/memelab.com.br\/jandig\/wp-content\/uploads\/Ayv8FkGCIAIqVWJ.jpg\" data-orig-size=\"1024,600\" data-comments-opened=\"0\" data-image-meta=\"{&quot;aperture&quot;:&quot;0&quot;,&quot;credit&quot;:&quot;&quot;,&quot;camera&quot;:&quot;&quot;,&quot;caption&quot;:&quot;&quot;,&quot;created_timestamp&quot;:&quot;0&quot;,&quot;copyright&quot;:&quot;&quot;,&quot;focal_length&quot;:&quot;0&quot;,&quot;iso&quot;:&quot;0&quot;,&quot;shutter_speed&quot;:&quot;0&quot;,&quot;title&quot;:&quot;&quot;,&quot;orientation&quot;:&quot;0&quot;,&quot;keywords&quot;:&quot;Array&quot;}\" data-image-title=\"fisl\" data-image-description=\"\" data-medium-file=\"http:\/\/memelab.com.br\/jandig\/wp-content\/uploads\/Ayv8FkGCIAIqVWJ-600x352.jpg\" data-large-file=\"http:\/\/memelab.com.br\/jandig\/wp-content\/uploads\/Ayv8FkGCIAIqVWJ.jpg\" \/><\/a>\n\t\t\t<\/dt><\/dl><dl class='gallery-item'>\n\t\t\t<dt class='gallery-icon portrait'>\n\t\t\t\t<a href='http:\/\/memelab.com.br\/jandig\/exposicoes\/forum-internacional-de-software-livre\/jandig_20120724_194605\/'><img loading=\"lazy\" decoding=\"async\" width=\"300\" height=\"300\" src=\"http:\/\/memelab.com.br\/jandig\/wp-content\/uploads\/Jandig_20120724_194605-300x300.jpg\" class=\"attachment-thumbnail size-thumbnail\" alt=\"\" data-attachment-id=\"638\" data-orig-file=\"http:\/\/memelab.com.br\/jandig\/wp-content\/uploads\/Jandig_20120724_194605.jpg\" data-orig-size=\"600,1024\" data-comments-opened=\"0\" data-image-meta=\"{&quot;aperture&quot;:&quot;0&quot;,&quot;credit&quot;:&quot;&quot;,&quot;camera&quot;:&quot;&quot;,&quot;caption&quot;:&quot;&quot;,&quot;created_timestamp&quot;:&quot;0&quot;,&quot;copyright&quot;:&quot;&quot;,&quot;focal_length&quot;:&quot;0&quot;,&quot;iso&quot;:&quot;0&quot;,&quot;shutter_speed&quot;:&quot;0&quot;,&quot;title&quot;:&quot;&quot;,&quot;orientation&quot;:&quot;1&quot;,&quot;keywords&quot;:&quot;Array&quot;}\" data-image-title=\"fisl\" data-image-description=\"\" data-medium-file=\"http:\/\/memelab.com.br\/jandig\/wp-content\/uploads\/Jandig_20120724_194605-352x600.jpg\" data-large-file=\"http:\/\/memelab.com.br\/jandig\/wp-content\/uploads\/Jandig_20120724_194605.jpg\" \/><\/a>\n\t\t\t<\/dt><\/dl><dl class='gallery-item'>\n\t\t\t<dt class='gallery-icon portrait'>\n\t\t\t\t<a href='http:\/\/memelab.com.br\/jandig\/exposicoes\/forum-internacional-de-software-livre\/jandig_20120724_201008\/'><img loading=\"lazy\" decoding=\"async\" width=\"300\" height=\"300\" src=\"http:\/\/memelab.com.br\/jandig\/wp-content\/uploads\/Jandig_20120724_201008-300x300.jpg\" class=\"attachment-thumbnail size-thumbnail\" alt=\"\" data-attachment-id=\"639\" data-orig-file=\"http:\/\/memelab.com.br\/jandig\/wp-content\/uploads\/Jandig_20120724_201008.jpg\" data-orig-size=\"600,1024\" data-comments-opened=\"0\" data-image-meta=\"{&quot;aperture&quot;:&quot;0&quot;,&quot;credit&quot;:&quot;&quot;,&quot;camera&quot;:&quot;&quot;,&quot;caption&quot;:&quot;&quot;,&quot;created_timestamp&quot;:&quot;0&quot;,&quot;copyright&quot;:&quot;&quot;,&quot;focal_length&quot;:&quot;0&quot;,&quot;iso&quot;:&quot;0&quot;,&quot;shutter_speed&quot;:&quot;0&quot;,&quot;title&quot;:&quot;&quot;,&quot;orientation&quot;:&quot;1&quot;,&quot;keywords&quot;:&quot;Array&quot;}\" data-image-title=\"fisl\" data-image-description=\"\" data-medium-file=\"http:\/\/memelab.com.br\/jandig\/wp-content\/uploads\/Jandig_20120724_201008-352x600.jpg\" data-large-file=\"http:\/\/memelab.com.br\/jandig\/wp-content\/uploads\/Jandig_20120724_201008.jpg\" \/><\/a>\n\t\t\t<\/dt><\/dl><br style=\"clear: both\" \/>\n\t\t<\/div>\n\n","protected":false},"excerpt":{"rendered":"<p>Interven\u00e7\u00e3o e palestra &#8220;Jandig&#8221;, a convite da organiza\u00e7\u00e3o do evento, que ocorreu na PUC, Porto Alegre (RS) de\u00a025 a 28 de Julho de 2012.<\/p>\n","protected":false},"author":4,"featured_media":637,"parent":442,"menu_order":0,"comment_status":"closed","ping_status":"closed","template":"","meta":{"_monsterinsights_skip_tracking":false,"_monsterinsights_sitenote_active":false,"_monsterinsights_sitenote_note":"","_monsterinsights_sitenote_category":0,"footnotes":""},"_links":{"self":[{"href":"http:\/\/memelab.com.br\/jandig\/wp-json\/wp\/v2\/pages\/561"}],"collection":[{"href":"http:\/\/memelab.com.br\/jandig\/wp-json\/wp\/v2\/pages"}],"about":[{"href":"http:\/\/memelab.com.br\/jandig\/wp-json\/wp\/v2\/types\/page"}],"author":[{"embeddable":true,"href":"http:\/\/memelab.com.br\/jandig\/wp-json\/wp\/v2\/users\/4"}],"replies":[{"embeddable":true,"href":"http:\/\/memelab.com.br\/jandig\/wp-json\/wp\/v2\/comments?post=561"}],"version-history":[{"count":4,"href":"http:\/\/memelab.com.br\/jandig\/wp-json\/wp\/v2\/pages\/561\/revisions"}],"predecessor-version":[{"id":2034,"href":"http:\/\/memelab.com.br\/jandig\/wp-json\/wp\/v2\/pages\/561\/revisions\/2034"}],"up":[{"embeddable":true,"href":"http:\/\/memelab.com.br\/jandig\/wp-json\/wp\/v2\/pages\/442"}],"wp:featuredmedia":[{"embeddable":true,"href":"http:\/\/memelab.com.br\/jandig\/wp-json\/wp\/v2\/media\/637"}],"wp:attachment":[{"href":"http:\/\/memelab.com.br\/jandig\/wp-json\/wp\/v2\/media?parent=561"}],"curies":[{"name":"wp","href":"https:\/\/api.w.org\/{rel}","templated":true}]}}