{"id":768,"date":"2018-04-17T10:13:55","date_gmt":"2018-04-17T13:13:55","guid":{"rendered":"http:\/\/memelab.com.br\/jandig\/?page_id=768"},"modified":"2019-08-14T04:08:14","modified_gmt":"2019-08-14T07:08:14","slug":"clipping","status":"publish","type":"page","link":"http:\/\/memelab.com.br\/jandig\/clipping\/","title":{"rendered":"Clipping"},"content":{"rendered":"\n<h2 class=\"wp-block-heading\">Uma parceria inusitada: MARTE + JANDIG + Escola de Design\/UEMG<\/h2>\n\n\n\n<p>Site Universidade do Estado de Minas Gerais<br>22 de julho de 2019<br><a href=\"http:\/\/ed.uemg.br\/uma-parceria-inusitada-marte-jandig-escola-de-design-uemg\/\">http:\/\/ed.uemg.br\/uma-parceria-inusitada-marte-jandig-escola-de-design-uemg\/<\/a><br><a href=\"http:\/\/memelab.com.br\/jandig\/wp-content\/uploads\/Jandig-UEMG.jpg\">Ver em JPG<\/a><\/p>\n\n\n\n<h2 class=\"wp-block-heading\">Programa\u00e7\u00e3o formativa do X-Reality contou com workshops de realidade virtual e aumentada<\/h2>\n\n\n\n<p>Site LabArteM\u00eddia<br>1 de julho de 2019<br><a href=\"https:\/\/sites.usp.br\/labartemidia\/programacao-formativa-do-x-reality-contou-com-workshops-de-realidade-virtual-e-aumentada\/\">https:\/\/sites.usp.br\/labartemidia\/programacao-formativa-do-x-reality-contou-com-workshops-de-realidade-virtual-e-aumentada\/<\/a><br><a href=\"http:\/\/memelab.com.br\/jandig\/wp-content\/uploads\/Jandig-LabArteMidia.pdf\">Ver em PDF<\/a><\/p>\n\n\n\n<h2 class=\"wp-block-heading\">Create Art with Augmented Reality<\/h2>\n\n\n\n<p>Blog Mozilla Open Leaders<br>31 de maio de 2019<br><em>Em ingl\u00eas<\/em><br><a href=\"https:\/\/medium.com\/read-write-participate\/create-art-with-augmented-reality-e26572524021\">https:\/\/medium.com\/read-write-participate\/create-art-with-augmented-reality-e26572524021<\/a><br><a href=\"http:\/\/memelab.com.br\/jandig\/wp-content\/uploads\/Jandig-MozOL.pdf\">Ver em PDF<\/a><\/p>\n\n\n\n<h2 class=\"wp-block-heading\">Programa\u00e7\u00e3o Cultural \/ Abril de 2017<\/h2>\n\n\n\n<p>Site Coletivo Digital<br>10 de abril de 2017<br><a class=\"stext\" href=\"http:\/\/portalnovo.coletivodigital.org.br\/2017\/04\/\" target=\"_blank\" rel=\"noopener noreferrer\">http:\/\/portalnovo.coletivodigital.org.br\/2017\/04\/<\/a><br><a class=\"stext\" href=\"http:\/\/memelab.com.br\/jandig\/wp-content\/uploads\/1.-Programa\u00e7\u00e3o-Cultural-Abril-de-2017.pdf\" target=\"_blank\" rel=\"noopener noreferrer\">Ver em PDF<\/a><\/p>\n\n\n\n<h2 class=\"wp-block-heading\">Sesc Sorocaba abre as portas em 1\u00ba de setembro com vis\u00e3o sustent\u00e1vel<\/h2>\n\n\n\n<p>Jornal Di\u00e1rio de Sorocaba<br>21 de agosto de 2012<br><a class=\"stext\" href=\"http:\/\/www.diariodesorocaba.com.br\/noticia\/222472\" target=\"_blank\" rel=\"noopener noreferrer\">http:\/\/www.diariodesorocaba.com.br\/noticia\/222472<\/a><br><a class=\"stext\" href=\"http:\/\/memelab.com.br\/jandig\/wp-content\/uploads\/2.-Sesc-Sorocaba-abre-as-portas-em-1\u00ba-de-setembro-com-vis\u00e3o-sustent\u00e1vel.pdf\" target=\"_blank\" rel=\"noopener noreferrer\">Ver em PDF<\/a><\/p>\n\n\n\n<h2 class=\"wp-block-heading\">Do artista ao articulador<\/h2>\n\n\n\n<p>Revista Select<br>30 de julho de 2012<br><a class=\"stext\" href=\"https:\/\/www.select.art.br\/do-artista-ao-articulador\/\" target=\"_blank\" rel=\"noopener noreferrer\">https:\/\/www.select.art.br\/do-artista-ao-articulador\/<\/a><br><a class=\"stext\" href=\"http:\/\/memelab.com.br\/jandig\/wp-content\/uploads\/3.-Do-artista-ao-articulador.pdf\" target=\"_blank\" rel=\"noopener noreferrer\">Ver em PDF<\/a><\/p>\n\n\n\n<h2 class=\"wp-block-heading\">R\u00e1fagas de software libre<\/h2>\n\n\n\n<p>Jornal 20 Minutos<br>30 de julho de 2012<br><em>Em espanhol<\/em><br><a class=\"stext\" href=\"https:\/\/blogs.20minutos.es\/codigo-abierto\/category\/software-libre\/\" target=\"_blank\" rel=\"noopener noreferrer\">https:\/\/blogs.20minutos.es\/codigo-abierto\/category\/software-libre\/<\/a><br><i class=\"fas fa-file-pdf\"><\/i> <a class=\"stext\" href=\"http:\/\/memelab.com.br\/jandig\/wp-content\/uploads\/9.-Rafagas-de-software-livre.pdf\" target=\"_blank\" rel=\"noopener noreferrer\">Ver em PDF<\/a><\/p>\n\n\n\n<h2 class=\"wp-block-heading\">Conhe\u00e7a o Jandig<\/h2>\n\n\n\n<p>Site Labm\u00f3vel<br>31 de mar\u00e7o de 2012<br><a class=\"stext\" href=\"https:\/\/labmovel.net\/2012\/03\/31\/conheca-o-jandig\/\" target=\"_blank\" rel=\"noopener noreferrer\">https:\/\/labmovel.net\/2012\/03\/31\/conheca-o-jandig\/<\/a><br><a class=\"stext\" href=\"http:\/\/memelab.com.br\/jandig\/wp-content\/uploads\/4.-Conhe\u00e7a-o-Jandig.pdf\" target=\"_blank\" rel=\"noopener noreferrer\">Ver em PDF<\/a><\/p>\n\n\n\n<h2 class=\"wp-block-heading\">Entrevista com Pixel<\/h2>\n\n\n\n<p>Site Labm\u00f3vel<br>21 de mar\u00e7o de 2012<br><a class=\"stext\" href=\"https:\/\/labmovel.net\/2012\/03\/21\/entrevista-com-pixel\/\" target=\"_blank\" rel=\"noopener noreferrer\">https:\/\/labmovel.net\/2012\/03\/21\/entrevista-com-pixel\/<\/a><br><a class=\"stext\" href=\"http:\/\/memelab.com.br\/jandig\/wp-content\/uploads\/5.-Entrevista-com-Pixel.pdf\" target=\"_blank\" rel=\"noopener noreferrer\">Ver em PDF<\/a><\/p>\n\n\n\n<h2 class=\"wp-block-heading\">Campus Party: hackers, multinacionales y activistas<\/h2>\n\n\n\n<p>Jornal 20 Minutos<br>12 de fevereiro de 2012<br><em>Em espanhol<\/em><br><a class=\"stext\" href=\"https:\/\/blogs.20minutos.es\/codigo-abierto\/2012\/02\/12\/campus-party-hackers-multinacionales-y-activistas\/\" target=\"_blank\" rel=\"noopener noreferrer\">https:\/\/blogs.20minutos.es\/codigo-abierto\/2012\/02\/12\/campus-party-hackers-multinacionales-y-activistas\/<\/a><br><i class=\"fas fa-file-pdf\"><\/i> <a class=\"stext\" href=\"http:\/\/memelab.com.br\/jandig\/wp-content\/uploads\/10.-Campus-Party-hackers-multinacionales-y-activistas.pdf\" target=\"_blank\" rel=\"noopener noreferrer\">Ver em PDF<\/a><\/p>\n\n\n\n<h2 class=\"wp-block-heading\">New artist in residence projects mobile media art<\/h2>\n\n\n\n<p>Site NIMk<br>01 de fevereiro de 2012<br><em>Em ingl\u00eas<\/em><br><a class=\"stext\" href=\"http:\/\/www.nimk.nl\/eng\/new-artist-in-residence-projects-mobile-media-art\" target=\"_blank\" rel=\"noopener noreferrer\">http:\/\/www.nimk.nl\/eng\/new-artist-in-residence-projects-mobile-media-art<\/a><br><i class=\"fas fa-file-pdf\"><\/i> <a class=\"stext\" href=\"http:\/\/memelab.com.br\/jandig\/wp-content\/uploads\/8.-New-artist-in-residence-projects-mobile-media-art.pdf\" target=\"_blank\" rel=\"noopener noreferrer\">Ver em PDF<\/a><\/p>\n\n\n\n<h2 class=\"wp-block-heading\">Resid\u00eancia art\u00edstica Labmovel + NimK<\/h2>\n\n\n\n<p>Site Labm\u00f3vel<br>1 de fevereiro de 2012<br><a class=\"stext\" href=\"https:\/\/labmovel.net\/2012\/02\/01\/residencia-artistica-labmovel-nimk\/\" target=\"_blank\" rel=\"noopener noreferrer\">https:\/\/labmovel.net\/2012\/02\/01\/residencia-artistica-labmovel-nimk\/<\/a><br><a class=\"stext\" href=\"http:\/\/memelab.com.br\/jandig\/wp-content\/uploads\/6.-Resid\u00eancia-art\u00edstica-Labmovel-NimK.pdf\" target=\"_blank\" rel=\"noopener noreferrer\">Ver em PDF<\/a><\/p>\n\n\n\n<h2 class=\"wp-block-heading\">Jandig #CulturaDigitalBR<\/h2>\n\n\n\n<p>Revista Select<br>12 de dezembro de 2011<br><a class=\"stext\" href=\"https:\/\/www.select.art.br\/jandig-culturadigitalbr\/\" target=\"_blank\" rel=\"noopener noreferrer\">https:\/\/www.select.art.br\/jandig-culturadigitalbr\/<\/a><br><a class=\"stext\" href=\"http:\/\/memelab.com.br\/jandig\/wp-content\/uploads\/7.-Jandig-CulturaDigitalBR.pdf\" target=\"_blank\" rel=\"noopener noreferrer\">Ver em PDF<\/a><\/p>\n\n\n\n<p><\/p>\n","protected":false},"excerpt":{"rendered":"<p>Uma parceria inusitada: MARTE + JANDIG + Escola de Design\/UEMG Site Universidade do Estado de Minas Gerais22 de julho de 2019http:\/\/ed.uemg.br\/uma-parceria-inusitada-marte-jandig-escola-de-design-uemg\/Ver em JPG Programa\u00e7\u00e3o formativa do X-Reality contou com workshops de realidade virtual e aumentada Site LabArteM\u00eddia1 de julho de 2019https:\/\/sites.usp.br\/labartemidia\/programacao-formativa-do-x-reality-contou-com-workshops-de-realidade-virtual-e-aumentada\/Ver em PDF Create Art with Augmented Reality Blog Mozilla Open Leaders31 de maio de [&hellip;]<\/p>\n","protected":false},"author":4,"featured_media":0,"parent":0,"menu_order":0,"comment_status":"closed","ping_status":"closed","template":"","meta":{"_monsterinsights_skip_tracking":false,"_monsterinsights_sitenote_active":false,"_monsterinsights_sitenote_note":"","_monsterinsights_sitenote_category":0,"footnotes":""},"_links":{"self":[{"href":"http:\/\/memelab.com.br\/jandig\/wp-json\/wp\/v2\/pages\/768"}],"collection":[{"href":"http:\/\/memelab.com.br\/jandig\/wp-json\/wp\/v2\/pages"}],"about":[{"href":"http:\/\/memelab.com.br\/jandig\/wp-json\/wp\/v2\/types\/page"}],"author":[{"embeddable":true,"href":"http:\/\/memelab.com.br\/jandig\/wp-json\/wp\/v2\/users\/4"}],"replies":[{"embeddable":true,"href":"http:\/\/memelab.com.br\/jandig\/wp-json\/wp\/v2\/comments?post=768"}],"version-history":[{"count":11,"href":"http:\/\/memelab.com.br\/jandig\/wp-json\/wp\/v2\/pages\/768\/revisions"}],"predecessor-version":[{"id":999,"href":"http:\/\/memelab.com.br\/jandig\/wp-json\/wp\/v2\/pages\/768\/revisions\/999"}],"wp:attachment":[{"href":"http:\/\/memelab.com.br\/jandig\/wp-json\/wp\/v2\/media?parent=768"}],"curies":[{"name":"wp","href":"https:\/\/api.w.org\/{rel}","templated":true}]}}