{"id":859,"date":"2019-03-20T17:43:42","date_gmt":"2019-03-20T20:43:42","guid":{"rendered":"http:\/\/memelab.com.br\/jandig\/?page_id=859"},"modified":"2019-03-28T21:41:30","modified_gmt":"2019-03-29T00:41:30","slug":"panels","status":"publish","type":"page","link":"http:\/\/memelab.com.br\/jandig\/","title":{"rendered":"Panels"},"content":{"rendered":"\n<div id=\"fs-intro\" class=\"fullscreen\">\n<div class=\"panel\">\n<div class=\"long left\"><\/div>\n<div class=\"short right\">\n<h1>ATIVAR JANDIG<\/h1>\n<p>Para ativar o software de realidade aumentada, basta liberar sua c\u00e2mera e apont\u00e1-la para um marcador Jandig.<\/p>\n\n<a href=\"https:\/\/jandig.app\" target=\"_blank\" id=\"gotoApp\" rel=\"noopener noreferrer\">Clique para autorizar a c\u00e2mera<\/a>\n<\/div>\n<\/div>\n<\/div>\n\n\n\n<div id=\"fs-about\" class=\"fullscreen\">\n<div class=\"panel\">\n\n<div class=\"long left\">\n<h1>O QUE \u00c9<\/h1>\n<p>Realidade Aumentada, ou AR, \u00e9 olhar pela tela do nosso celular e ver coisas do mundo a nossa volta interagindo com outros elementos visuais do mundo digital, como imagens art\u00edsticas e informa\u00e7\u00f5es.<\/p>\n\n<p>Com <b>Jandig<\/b> os artistas e o p\u00fablico se encontram de forma intuitiva em projetos de arte e educa\u00e7\u00e3o que acontecem em parceira com centros culturais, museus, galerias de arte, festivais e diversas outras iniciativas culturais.<\/p>\n<\/div>\n\n<div class=\"form-main short right\">\n<h1>SAIBA ANTES <\/h1>\n<p class=\"stext\">Cursos gratuitos, exposi\u00e7\u00f5es, projetos e novidades do <b>Jandig<\/b>, preencha os campos abaixo.<\/p>\n<p class=\"wpcf7-contact-form-not-found\"><strong>Error:<\/strong> Contact form not found.<\/p>\n<\/div>\n\n<\/div>\n<\/div>\n\n\n\n<div id=\"fs-acervo\" class=\"fullscreen\">\n<div class=\"panel\">\n\t\n<div class=\"short left\">\n<div class=\"projetos\">PROJETOS JANDIG<\/div>\n\n<h1>Acervo<\/h1>\n<div class=\"stext\">Clique para ver e interagir com diversos marcadores de Realidade Aumentada Jandig.\n<\/div>\n<\/div>\n<div class=\"long right\">\n<div class=\"marcadores\">\n<div class=\"obra\">\n<figure class=\"wp-block-image\"><a href=\"jandig.art\/obras\/\"><img loading=\"lazy\" decoding=\"async\" width=\"1080\" height=\"1080\" src=\"http:\/\/memelab.com.br\/jandig\/wp-content\/uploads\/Hamsa.png\" alt=\"\" class=\"wp-image-876\" srcset=\"http:\/\/memelab.com.br\/jandig\/wp-content\/uploads\/Hamsa.png 1080w, http:\/\/memelab.com.br\/jandig\/wp-content\/uploads\/Hamsa-300x300.png 300w, http:\/\/memelab.com.br\/jandig\/wp-content\/uploads\/Hamsa-600x600.png 600w, http:\/\/memelab.com.br\/jandig\/wp-content\/uploads\/Hamsa-768x768.png 768w\" sizes=\"(max-width: 1080px) 100vw, 1080px\" \/><\/a><\/figure>\n<\/div>\n<div class=\"obra\">\n<figure class=\"wp-block-image\"><a href=\"jandig.art\/obras\/\"><img loading=\"lazy\" decoding=\"async\" width=\"1080\" height=\"1080\" src=\"http:\/\/memelab.com.br\/jandig\/wp-content\/uploads\/Gueixa.png\" alt=\"\" class=\"wp-image-875\" srcset=\"http:\/\/memelab.com.br\/jandig\/wp-content\/uploads\/Gueixa.png 1080w, http:\/\/memelab.com.br\/jandig\/wp-content\/uploads\/Gueixa-300x300.png 300w, http:\/\/memelab.com.br\/jandig\/wp-content\/uploads\/Gueixa-600x600.png 600w, http:\/\/memelab.com.br\/jandig\/wp-content\/uploads\/Gueixa-768x768.png 768w\" sizes=\"(max-width: 1080px) 100vw, 1080px\" \/><\/a><\/figure>\n<\/div>\n<div class=\"obra\">\n<figure class=\"wp-block-image\"><a href=\"jandig.art\/obras\/\"><img loading=\"lazy\" decoding=\"async\" width=\"1080\" height=\"1080\" src=\"http:\/\/memelab.com.br\/jandig\/wp-content\/uploads\/Cata-vento.png\" alt=\"\" class=\"wp-image-874\" srcset=\"http:\/\/memelab.com.br\/jandig\/wp-content\/uploads\/Cata-vento.png 1080w, http:\/\/memelab.com.br\/jandig\/wp-content\/uploads\/Cata-vento-300x300.png 300w, http:\/\/memelab.com.br\/jandig\/wp-content\/uploads\/Cata-vento-600x600.png 600w, http:\/\/memelab.com.br\/jandig\/wp-content\/uploads\/Cata-vento-768x768.png 768w\" sizes=\"(max-width: 1080px) 100vw, 1080px\" \/><\/a><\/figure>\n<\/div>\n<div class=\"obra\">\n<figure class=\"wp-block-image\"><a href=\"jandig.art\/obras\/\"><img loading=\"lazy\" decoding=\"async\" width=\"1080\" height=\"1080\" src=\"http:\/\/memelab.com.br\/jandig\/wp-content\/uploads\/RoboAndando.png\" alt=\"\" class=\"wp-image-882\" srcset=\"http:\/\/memelab.com.br\/jandig\/wp-content\/uploads\/RoboAndando.png 1080w, http:\/\/memelab.com.br\/jandig\/wp-content\/uploads\/RoboAndando-300x300.png 300w, http:\/\/memelab.com.br\/jandig\/wp-content\/uploads\/RoboAndando-600x600.png 600w, http:\/\/memelab.com.br\/jandig\/wp-content\/uploads\/RoboAndando-768x768.png 768w\" sizes=\"(max-width: 1080px) 100vw, 1080px\" \/><\/a><\/figure>\n<\/div>\n<\/div>\n<\/div>\n\n<\/div>\n<\/div>\n\n\n\n<div id=\"fs-expo\" class=\"fullscreen\">\n<div class=\"panel\">\n\n<div class=\"short left\">\n<div class=\"border\"><a href=\"jandig.art\/exposicoes\"><i class=\"fas fa-eye\"><\/i><\/a><\/div>\n<\/div>\n<div class=\"long right\">\n<h1>Exposi\u00e7\u00f5es<\/h1>\n<p><a href=\"jandig.art\/exposicoes\/\">Conhe\u00e7a a lista dos principais projetos j\u00e1 realizados.<\/a><\/p>\n<\/div>\n\n<\/div>\n<\/div>\n\n\n\n<div id=\"fs-contato\" class=\"fullscreen\">\n<div class=\"panel\">\n<div class=\"short right\">\n<div class=\"border\"><a href=\"jandig.art\/contato\"><i class=\"fas fa-envelope\"><\/i><\/a><\/div>\n<\/div>\n<div class=\"long left\">\n<h1>Contato<\/h1>\n<p><a href=\"jandig.art\/contato\">Envie sua mensagem para o pessoal do <b>Jandig<\/b>.<\/a><br>\nProjetos conjuntos, parcerias e feedbacks s\u00e3o bem vindos.<\/p>\n<\/div>\n<\/div>\n<\/div>\n","protected":false},"excerpt":{"rendered":"<p>ATIVAR JANDIG Para ativar o software de realidade aumentada, basta liberar sua c\u00e2mera e apont\u00e1-la para um marcador Jandig. Clique para autorizar a c\u00e2mera O QUE \u00c9 Realidade Aumentada, ou AR, \u00e9 olhar pela tela do nosso celular e ver coisas do mundo a nossa volta interagindo com outros elementos visuais do mundo digital, como [&hellip;]<\/p>\n","protected":false},"author":14,"featured_media":0,"parent":0,"menu_order":0,"comment_status":"closed","ping_status":"closed","template":"","meta":{"_monsterinsights_skip_tracking":false,"_monsterinsights_sitenote_active":false,"_monsterinsights_sitenote_note":"","_monsterinsights_sitenote_category":0,"footnotes":""},"_links":{"self":[{"href":"http:\/\/memelab.com.br\/jandig\/wp-json\/wp\/v2\/pages\/859"}],"collection":[{"href":"http:\/\/memelab.com.br\/jandig\/wp-json\/wp\/v2\/pages"}],"about":[{"href":"http:\/\/memelab.com.br\/jandig\/wp-json\/wp\/v2\/types\/page"}],"author":[{"embeddable":true,"href":"http:\/\/memelab.com.br\/jandig\/wp-json\/wp\/v2\/users\/14"}],"replies":[{"embeddable":true,"href":"http:\/\/memelab.com.br\/jandig\/wp-json\/wp\/v2\/comments?post=859"}],"version-history":[{"count":31,"href":"http:\/\/memelab.com.br\/jandig\/wp-json\/wp\/v2\/pages\/859\/revisions"}],"predecessor-version":[{"id":970,"href":"http:\/\/memelab.com.br\/jandig\/wp-json\/wp\/v2\/pages\/859\/revisions\/970"}],"wp:attachment":[{"href":"http:\/\/memelab.com.br\/jandig\/wp-json\/wp\/v2\/media?parent=859"}],"curies":[{"name":"wp","href":"https:\/\/api.w.org\/{rel}","templated":true}]}}