{"id":871,"date":"2019-03-21T01:56:34","date_gmt":"2019-03-21T04:56:34","guid":{"rendered":"http:\/\/memelab.com.br\/jandig\/?page_id=871"},"modified":"2019-03-22T13:11:17","modified_gmt":"2019-03-22T16:11:17","slug":"obras","status":"publish","type":"page","link":"http:\/\/memelab.com.br\/jandig\/obras\/","title":{"rendered":"Obras"},"content":{"rendered":"<p class=\"btext\">Ative o Jandig no celular de um amigo e aponte a c\u00e2mera para lista a\u00ed de baixo para ver a Realidade Aumentada funcionando. Para cada marcador voc\u00ea ver\u00e1 uma obra diferente.<\/p>\n<div class=\"obra\">\n<figure class=\"wp-block-image\"><img loading=\"lazy\" decoding=\"async\" width=\"1080\" height=\"1080\" src=\"http:\/\/memelab.com.br\/jandig\/wp-content\/uploads\/Tokusatsu.png\" alt=\"\" class=\"wp-image-888\" srcset=\"http:\/\/memelab.com.br\/jandig\/wp-content\/uploads\/Tokusatsu.png 1080w, http:\/\/memelab.com.br\/jandig\/wp-content\/uploads\/Tokusatsu-300x300.png 300w, http:\/\/memelab.com.br\/jandig\/wp-content\/uploads\/Tokusatsu-600x600.png 600w, http:\/\/memelab.com.br\/jandig\/wp-content\/uploads\/Tokusatsu-768x768.png 768w\" sizes=\"(max-width: 1080px) 100vw, 1080px\" \/><\/figure>\n<p><span>Tokusatsu<\/span><br \/>\n<strong>Autor do objeto:<\/strong> <a href=\"http:\/\/www.gustha.com\/\">Gustavo Athayde<\/a><br \/>\n<strong>Autor do marcador:<\/strong> <a rel=\"noreferrer noopener\" href=\"http:\/\/hvalois.umacidade.net\/\" target=\"_blank\">Hebert Valois<\/a><\/p>\n<\/div>\n<div class=\"obra\">\n<figure class=\"wp-block-image\"><img loading=\"lazy\" decoding=\"async\" width=\"1080\" height=\"1080\" src=\"http:\/\/memelab.com.br\/jandig\/wp-content\/uploads\/Temaki.png\" alt=\"\" class=\"wp-image-887\" srcset=\"http:\/\/memelab.com.br\/jandig\/wp-content\/uploads\/Temaki.png 1080w, http:\/\/memelab.com.br\/jandig\/wp-content\/uploads\/Temaki-300x300.png 300w, http:\/\/memelab.com.br\/jandig\/wp-content\/uploads\/Temaki-600x600.png 600w, http:\/\/memelab.com.br\/jandig\/wp-content\/uploads\/Temaki-768x768.png 768w\" sizes=\"(max-width: 1080px) 100vw, 1080px\" \/><\/figure>\n<p><span>Temaki<\/span><br \/>\n<strong>Autor do objeto:<\/strong> Marcita<br \/>\n<strong>Autor do marcador:<\/strong> <a rel=\"noreferrer noopener\" href=\"http:\/\/hvalois.umacidade.net\/\" target=\"_blank\">Hebert Valois<\/a><\/p>\n<\/div>\n<div class=\"obra\">\n<figure class=\"wp-block-image\"><img loading=\"lazy\" decoding=\"async\" width=\"1080\" height=\"1080\" src=\"http:\/\/memelab.com.br\/jandig\/wp-content\/uploads\/SexyNaJanela.png\" alt=\"\" class=\"wp-image-886\" srcset=\"http:\/\/memelab.com.br\/jandig\/wp-content\/uploads\/SexyNaJanela.png 1080w, http:\/\/memelab.com.br\/jandig\/wp-content\/uploads\/SexyNaJanela-300x300.png 300w, http:\/\/memelab.com.br\/jandig\/wp-content\/uploads\/SexyNaJanela-600x600.png 600w, http:\/\/memelab.com.br\/jandig\/wp-content\/uploads\/SexyNaJanela-768x768.png 768w\" sizes=\"(max-width: 1080px) 100vw, 1080px\" \/><\/figure>\n<p><span>Sexy na janela<\/span><br \/>\nA anima\u00e7\u00e3o \u00e9 a releitura de um projeto adormecido chamado Sexy de 5\u00aa, onde \u201cpin ups\u201d eram postadas todas as quintas-feiras no blog Deu Mole eu Tra\u00e7o. Trabalhos mais recentes podem ser vistos em <a href=\"http:\/\/www.dribble.com\/gustha\">www.dribble.com\/gustha<\/a><br \/>\n<strong>Autor do objeto:<\/strong> <a href=\"http:\/\/www.gustha.com\/\">Gustavo Athayde<\/a><br \/>\n<strong>Autor do marcador:<\/strong> <a href=\"http:\/\/www.gustha.com\/\">Gustavo Athayde<\/a><\/p>\n<\/div>\n<div class=\"obra\">\n<figure class=\"wp-block-image\"><img loading=\"lazy\" decoding=\"async\" width=\"1080\" height=\"1080\" src=\"http:\/\/memelab.com.br\/jandig\/wp-content\/uploads\/Samurai.png\" alt=\"\" class=\"wp-image-885\" srcset=\"http:\/\/memelab.com.br\/jandig\/wp-content\/uploads\/Samurai.png 1080w, http:\/\/memelab.com.br\/jandig\/wp-content\/uploads\/Samurai-300x300.png 300w, http:\/\/memelab.com.br\/jandig\/wp-content\/uploads\/Samurai-600x600.png 600w, http:\/\/memelab.com.br\/jandig\/wp-content\/uploads\/Samurai-768x768.png 768w\" sizes=\"(max-width: 1080px) 100vw, 1080px\" \/><\/figure>\n<p><span>Samurai<\/span><br \/>\n<strong>Autor do objeto:<\/strong> <a href=\"http:\/\/www.gustha.com\/\">Gustavo Athayde<\/a><br \/>\n<strong>Autor do marcador:<\/strong> <a rel=\"noreferrer noopener\" href=\"http:\/\/hvalois.umacidade.net\/\" target=\"_blank\">Hebert Valois<\/a><\/p>\n<\/div>\n<div class=\"obra\">\n<figure class=\"wp-block-image\"><img loading=\"lazy\" decoding=\"async\" width=\"1080\" height=\"1080\" src=\"http:\/\/memelab.com.br\/jandig\/wp-content\/uploads\/RoboRodas.png\" alt=\"\" class=\"wp-image-884\" srcset=\"http:\/\/memelab.com.br\/jandig\/wp-content\/uploads\/RoboRodas.png 1080w, http:\/\/memelab.com.br\/jandig\/wp-content\/uploads\/RoboRodas-300x300.png 300w, http:\/\/memelab.com.br\/jandig\/wp-content\/uploads\/RoboRodas-600x600.png 600w, http:\/\/memelab.com.br\/jandig\/wp-content\/uploads\/RoboRodas-768x768.png 768w\" sizes=\"(max-width: 1080px) 100vw, 1080px\" \/><\/figure>\n<p><span>Rob\u00f4 Rodas<\/span><br \/>\n<strong>Autor do objeto:<\/strong> Rubens Castillo<br \/>\n<strong>Autor do marcador:<\/strong> <a href=\"http:\/\/www.gustha.com\/\">Gustavo Athayde<\/a><\/p>\n<\/div>\n<div class=\"obra\">\n<figure class=\"wp-block-image\"><img loading=\"lazy\" decoding=\"async\" width=\"1080\" height=\"1080\" src=\"http:\/\/memelab.com.br\/jandig\/wp-content\/uploads\/RoboPulando.png\" alt=\"\" class=\"wp-image-883\" srcset=\"http:\/\/memelab.com.br\/jandig\/wp-content\/uploads\/RoboPulando.png 1080w, http:\/\/memelab.com.br\/jandig\/wp-content\/uploads\/RoboPulando-300x300.png 300w, http:\/\/memelab.com.br\/jandig\/wp-content\/uploads\/RoboPulando-600x600.png 600w, http:\/\/memelab.com.br\/jandig\/wp-content\/uploads\/RoboPulando-768x768.png 768w\" sizes=\"(max-width: 1080px) 100vw, 1080px\" \/><\/figure>\n<p><span>Rob\u00f4 Pulando<\/span><br \/>\n<strong>Autor do objeto:<\/strong> Rubens Castillo<br \/>\n<strong>Autor do marcador:<\/strong> <a href=\"http:\/\/www.gustha.com\/\">Gustavo Athayde<\/a><\/p>\n<\/div>\n<div class=\"obra\">\n<figure class=\"wp-block-image\"><img loading=\"lazy\" decoding=\"async\" width=\"1080\" height=\"1080\" src=\"http:\/\/memelab.com.br\/jandig\/wp-content\/uploads\/RoboAndando.png\" alt=\"\" class=\"wp-image-882\" srcset=\"http:\/\/memelab.com.br\/jandig\/wp-content\/uploads\/RoboAndando.png 1080w, http:\/\/memelab.com.br\/jandig\/wp-content\/uploads\/RoboAndando-300x300.png 300w, http:\/\/memelab.com.br\/jandig\/wp-content\/uploads\/RoboAndando-600x600.png 600w, http:\/\/memelab.com.br\/jandig\/wp-content\/uploads\/RoboAndando-768x768.png 768w\" sizes=\"(max-width: 1080px) 100vw, 1080px\" \/><\/figure>\n<p><span>Rob\u00f4 Andando<\/span><br \/>\n<strong>Autor do objeto:<\/strong> Rubens Castillo<br \/>\n<strong>Autor do marcador:<\/strong> <a href=\"http:\/\/www.gustha.com\/\">Gustavo Athayde<\/a><\/p>\n<\/div>\n<div class=\"obra\">\n<figure class=\"wp-block-image\"><img loading=\"lazy\" decoding=\"async\" width=\"1080\" height=\"1080\" src=\"http:\/\/memelab.com.br\/jandig\/wp-content\/uploads\/Plan9.png\" alt=\"\" class=\"wp-image-881\" srcset=\"http:\/\/memelab.com.br\/jandig\/wp-content\/uploads\/Plan9.png 1080w, http:\/\/memelab.com.br\/jandig\/wp-content\/uploads\/Plan9-300x300.png 300w, http:\/\/memelab.com.br\/jandig\/wp-content\/uploads\/Plan9-600x600.png 600w, http:\/\/memelab.com.br\/jandig\/wp-content\/uploads\/Plan9-768x768.png 768w\" sizes=\"(max-width: 1080px) 100vw, 1080px\" \/><\/figure>\n<p><span>Plan IX<\/span><br \/>\nFazem 20 anos que olhei pro c\u00e9u e vi este disco-voador se deslocando calmamente.<br \/>\n<strong>Autor do objeto:<\/strong> F\u00e1bio Yamaji<br \/>\n<strong>Autor do marcador:<\/strong> <a href=\"http:\/\/www.gustha.com\/\">Gustavo Athayde<\/a><\/p>\n<\/div>\n<div class=\"obra\">\n<figure class=\"wp-block-image\"><img loading=\"lazy\" decoding=\"async\" width=\"1080\" height=\"1080\" src=\"http:\/\/memelab.com.br\/jandig\/wp-content\/uploads\/Peixe.png\" alt=\"\" class=\"wp-image-880\" srcset=\"http:\/\/memelab.com.br\/jandig\/wp-content\/uploads\/Peixe.png 1080w, http:\/\/memelab.com.br\/jandig\/wp-content\/uploads\/Peixe-300x300.png 300w, http:\/\/memelab.com.br\/jandig\/wp-content\/uploads\/Peixe-600x600.png 600w, http:\/\/memelab.com.br\/jandig\/wp-content\/uploads\/Peixe-768x768.png 768w\" sizes=\"(max-width: 1080px) 100vw, 1080px\" \/><\/figure>\n<p><span>Peixe<\/span><br \/>\n<strong>Autor do objeto:<\/strong> Rubens Castillo<br \/>\n<strong>Autor do marcador:<\/strong> <a href=\"http:\/\/www.gustha.com\/\">Gustavo Athayde<\/a><\/p>\n<\/div>\n<div class=\"obra\">\n<figure class=\"wp-block-image\"><img loading=\"lazy\" decoding=\"async\" width=\"1080\" height=\"1080\" src=\"http:\/\/memelab.com.br\/jandig\/wp-content\/uploads\/Pedrinhazinha.png\" alt=\"\" class=\"wp-image-879\" srcset=\"http:\/\/memelab.com.br\/jandig\/wp-content\/uploads\/Pedrinhazinha.png 1080w, http:\/\/memelab.com.br\/jandig\/wp-content\/uploads\/Pedrinhazinha-300x300.png 300w, http:\/\/memelab.com.br\/jandig\/wp-content\/uploads\/Pedrinhazinha-600x600.png 600w, http:\/\/memelab.com.br\/jandig\/wp-content\/uploads\/Pedrinhazinha-768x768.png 768w\" sizes=\"(max-width: 1080px) 100vw, 1080px\" \/><\/figure>\n<p><span>Pedrinhazinha<\/span><br \/>\nUma reflex\u00e3o bem-humorada sobre a nada animadora situa\u00e7\u00e3o dos dependentes qu\u00edmicos em situa\u00e7\u00e3o de rua, oprimidos por um estado violento e uma injusta e obsoleta guerra \u00e0s drogas.<br \/>\n<strong>Autor do objeto:<\/strong> <a rel=\"noreferrer noopener\" href=\"http:\/\/hvalois.umacidade.net\/\" target=\"_blank\">Hebert Valois<\/a><br \/>\n<strong>Autor do marcador:<\/strong> <a rel=\"noreferrer noopener\" href=\"http:\/\/hvalois.umacidade.net\/\" target=\"_blank\">Hebert Valois<\/a><\/p>\n<\/div>\n<div class=\"obra\">\n<figure class=\"wp-block-image\"><img loading=\"lazy\" decoding=\"async\" width=\"1080\" height=\"1080\" src=\"http:\/\/memelab.com.br\/jandig\/wp-content\/uploads\/Manekineko.png\" alt=\"\" class=\"wp-image-878\" srcset=\"http:\/\/memelab.com.br\/jandig\/wp-content\/uploads\/Manekineko.png 1080w, http:\/\/memelab.com.br\/jandig\/wp-content\/uploads\/Manekineko-300x300.png 300w, http:\/\/memelab.com.br\/jandig\/wp-content\/uploads\/Manekineko-600x600.png 600w, http:\/\/memelab.com.br\/jandig\/wp-content\/uploads\/Manekineko-768x768.png 768w\" sizes=\"(max-width: 1080px) 100vw, 1080px\" \/><\/figure>\n<p><span>Manekineko<\/span><br \/>\n<strong>Autor do objeto:<\/strong> <a rel=\"noreferrer noopener\" href=\"http:\/\/hvalois.umacidade.net\/\" target=\"_blank\">Hebert Valois<\/a><br \/>\n<strong>Autor do marcador:<\/strong> <a href=\"http:\/\/www.gustha.com\/\">Gustavo Athayde<\/a><\/p>\n<\/div>\n<div class=\"obra\">\n<figure class=\"wp-block-image\"><img loading=\"lazy\" decoding=\"async\" width=\"1080\" height=\"1080\" src=\"http:\/\/memelab.com.br\/jandig\/wp-content\/uploads\/Iemanja.png\" alt=\"\" class=\"wp-image-877\" srcset=\"http:\/\/memelab.com.br\/jandig\/wp-content\/uploads\/Iemanja.png 1080w, http:\/\/memelab.com.br\/jandig\/wp-content\/uploads\/Iemanja-300x300.png 300w, http:\/\/memelab.com.br\/jandig\/wp-content\/uploads\/Iemanja-600x600.png 600w, http:\/\/memelab.com.br\/jandig\/wp-content\/uploads\/Iemanja-768x768.png 768w\" sizes=\"(max-width: 1080px) 100vw, 1080px\" \/><\/figure>\n<p><span>Iemanj\u00e1<\/span><br \/>\nIlustra\u00e7\u00e3o em homenagem ao 2 de fevereiro, onde em Salvador \u2013 BA se comemora o dia de Iemanj\u00e1.<br \/>\n<strong>Autor do objeto:<\/strong> <a rel=\"noreferrer noopener\" href=\"http:\/\/www.gustha.com\/\" target=\"_blank\">Gustavo Athayde<\/a><br \/>\n<strong>Autor do marcador:<\/strong> <a rel=\"noreferrer noopener\" href=\"http:\/\/hvalois.umacidade.net\/\" target=\"_blank\">Hebert Valois<\/a><\/p>\n<\/div>\n<div class=\"obra\">\n<figure class=\"wp-block-image\"><img loading=\"lazy\" decoding=\"async\" width=\"1080\" height=\"1080\" src=\"http:\/\/memelab.com.br\/jandig\/wp-content\/uploads\/Hamsa.png\" alt=\"\" class=\"wp-image-876\" srcset=\"http:\/\/memelab.com.br\/jandig\/wp-content\/uploads\/Hamsa.png 1080w, http:\/\/memelab.com.br\/jandig\/wp-content\/uploads\/Hamsa-300x300.png 300w, http:\/\/memelab.com.br\/jandig\/wp-content\/uploads\/Hamsa-600x600.png 600w, http:\/\/memelab.com.br\/jandig\/wp-content\/uploads\/Hamsa-768x768.png 768w\" sizes=\"(max-width: 1080px) 100vw, 1080px\" \/><\/figure>\n<p><span>Hamsa<\/span><br \/>\n<strong>Autor do objeto:<\/strong> Ceci Shiki<br \/>\n<strong>Autor do marcador:<\/strong> <a rel=\"noreferrer noopener\" href=\"http:\/\/hvalois.umacidade.net\/\" target=\"_blank\">Hebert Valois<\/a><\/p>\n<\/div>\n<div class=\"obra\">\n<figure class=\"wp-block-image\"><img loading=\"lazy\" decoding=\"async\" width=\"1080\" height=\"1080\" src=\"http:\/\/memelab.com.br\/jandig\/wp-content\/uploads\/Gueixa.png\" alt=\"\" class=\"wp-image-875\" srcset=\"http:\/\/memelab.com.br\/jandig\/wp-content\/uploads\/Gueixa.png 1080w, http:\/\/memelab.com.br\/jandig\/wp-content\/uploads\/Gueixa-300x300.png 300w, http:\/\/memelab.com.br\/jandig\/wp-content\/uploads\/Gueixa-600x600.png 600w, http:\/\/memelab.com.br\/jandig\/wp-content\/uploads\/Gueixa-768x768.png 768w\" sizes=\"(max-width: 1080px) 100vw, 1080px\" \/><\/figure>\n<p><span>Gueixa<\/span><br \/>\n<strong>Autor do objeto:<\/strong> <a href=\"http:\/\/www.gustha.com\/\">Gustavo Athayde<\/a><br \/>\n<strong>Autor do marcador:<\/strong> Marcita<\/p>\n<\/div>\n<div class=\"obra\">\n<figure class=\"wp-block-image\"><img loading=\"lazy\" decoding=\"async\" width=\"1080\" height=\"1080\" src=\"http:\/\/memelab.com.br\/jandig\/wp-content\/uploads\/Cata-vento.png\" alt=\"\" class=\"wp-image-874\" srcset=\"http:\/\/memelab.com.br\/jandig\/wp-content\/uploads\/Cata-vento.png 1080w, http:\/\/memelab.com.br\/jandig\/wp-content\/uploads\/Cata-vento-300x300.png 300w, http:\/\/memelab.com.br\/jandig\/wp-content\/uploads\/Cata-vento-600x600.png 600w, http:\/\/memelab.com.br\/jandig\/wp-content\/uploads\/Cata-vento-768x768.png 768w\" sizes=\"(max-width: 1080px) 100vw, 1080px\" \/><\/figure>\n<p><span>Catavento<\/span><br \/>\n<strong>Autor do objeto:<\/strong> Ceci Shiki<br \/>\n<strong>Autor do marcador:<\/strong> <a rel=\"noreferrer noopener\" href=\"http:\/\/hvalois.umacidade.net\/\" target=\"_blank\">Hebert Valois<\/a><\/p>\n<\/div>\n<div class=\"obra\">\n<figure class=\"wp-block-image\"><img loading=\"lazy\" decoding=\"async\" width=\"1080\" height=\"1080\" src=\"http:\/\/memelab.com.br\/jandig\/wp-content\/uploads\/Antipodas.png\" alt=\"\" class=\"wp-image-873\" srcset=\"http:\/\/memelab.com.br\/jandig\/wp-content\/uploads\/Antipodas.png 1080w, http:\/\/memelab.com.br\/jandig\/wp-content\/uploads\/Antipodas-300x300.png 300w, http:\/\/memelab.com.br\/jandig\/wp-content\/uploads\/Antipodas-600x600.png 600w, http:\/\/memelab.com.br\/jandig\/wp-content\/uploads\/Antipodas-768x768.png 768w\" sizes=\"(max-width: 1080px) 100vw, 1080px\" \/><\/figure>\n<p><span>Ant\u00edpodas<\/span><br \/>\n<strong>Autor do objeto:<\/strong> <a rel=\"noreferrer noopener\" href=\"http:\/\/hvalois.umacidade.net\/\" target=\"_blank\">Hebert Valois<\/a><br \/>\n<strong>Autor do marcador:<\/strong> <a href=\"http:\/\/www.gustha.com\/\">Gustavo Athayde<\/a><\/p>\n<\/div>\n","protected":false},"excerpt":{"rendered":"<p>Ative o Jandig no celular de um amigo e aponte a c\u00e2mera para lista a\u00ed de baixo para ver a Realidade Aumentada funcionando. Para cada marcador voc\u00ea ver\u00e1 uma obra diferente. Tokusatsu Autor do objeto: Gustavo Athayde Autor do marcador: Hebert Valois Temaki Autor do objeto: Marcita Autor do marcador: Hebert Valois Sexy na janela [&hellip;]<\/p>\n","protected":false},"author":1,"featured_media":0,"parent":0,"menu_order":0,"comment_status":"closed","ping_status":"closed","template":"","meta":{"_monsterinsights_skip_tracking":false,"_monsterinsights_sitenote_active":false,"_monsterinsights_sitenote_note":"","_monsterinsights_sitenote_category":0,"footnotes":""},"_links":{"self":[{"href":"http:\/\/memelab.com.br\/jandig\/wp-json\/wp\/v2\/pages\/871"}],"collection":[{"href":"http:\/\/memelab.com.br\/jandig\/wp-json\/wp\/v2\/pages"}],"about":[{"href":"http:\/\/memelab.com.br\/jandig\/wp-json\/wp\/v2\/types\/page"}],"author":[{"embeddable":true,"href":"http:\/\/memelab.com.br\/jandig\/wp-json\/wp\/v2\/users\/1"}],"replies":[{"embeddable":true,"href":"http:\/\/memelab.com.br\/jandig\/wp-json\/wp\/v2\/comments?post=871"}],"version-history":[{"count":10,"href":"http:\/\/memelab.com.br\/jandig\/wp-json\/wp\/v2\/pages\/871\/revisions"}],"predecessor-version":[{"id":935,"href":"http:\/\/memelab.com.br\/jandig\/wp-json\/wp\/v2\/pages\/871\/revisions\/935"}],"wp:attachment":[{"href":"http:\/\/memelab.com.br\/jandig\/wp-json\/wp\/v2\/media?parent=871"}],"curies":[{"name":"wp","href":"https:\/\/api.w.org\/{rel}","templated":true}]}}