{"id":2,"date":"2018-01-09T17:27:37","date_gmt":"2018-01-09T20:27:37","guid":{"rendered":"http:\/\/memelab.com.br\/planop\/?page_id=2"},"modified":"2018-12-07T19:20:57","modified_gmt":"2018-12-07T22:20:57","slug":"residencia","status":"publish","type":"page","link":"http:\/\/memelab.com.br\/planop\/","title":{"rendered":"Resid\u00eancia art\u00edstica #plural"},"content":{"rendered":"<p>V\u00eddeos em 360\u00b0, tamb\u00e9m conhecidos como v\u00eddeos imersivos, s\u00e3o filmagens onde todas as dire\u00e7\u00f5es s\u00e3o gravadas simultaneamente. Enquanto assiste, o espectador tem controle da dire\u00e7\u00e3o para a qual est\u00e1 olhando.<\/p>\n<p>A videodan\u00e7a \u00e9 um produto h\u00edbrido realizado com a mistura entre o audiovisual e a dan\u00e7a, tendo como principal elemento o movimento. Nela, escolha dos planos, a montagem e a edi\u00e7\u00e3o das cenas s\u00e3o t\u00e3o importantes para o resultado final quanto os movimentos capturados pelas lentes. Com isso, o produto de uma videodan\u00e7a deixa de ser apenas um registro para se transformar em uma obra art\u00edstica.<\/p>\n<p>Durante a resid\u00eancia produzimos o primeiro corte de uma videodan\u00e7a em 360\u00b0, que foi apresentada como parte de uma experi\u00eancia imersiva multissensorial. Acima \u00e9 poss\u00edvel ver a vers\u00e3o final.<\/p>\n","protected":false},"excerpt":{"rendered":"<p>V\u00eddeos em 360\u00b0, tamb\u00e9m conhecidos como v\u00eddeos imersivos, s\u00e3o filmagens onde todas as dire\u00e7\u00f5es s\u00e3o gravadas simultaneamente. Enquanto assiste, o espectador tem controle da dire\u00e7\u00e3o para a qual est\u00e1 olhando. A videodan\u00e7a \u00e9 um produto h\u00edbrido realizado com a mistura entre o audiovisual e a dan\u00e7a, tendo como principal elemento o movimento. Nela, escolha dos&hellip;<\/p>\n","protected":false},"author":1,"featured_media":0,"parent":0,"menu_order":0,"comment_status":"closed","ping_status":"closed","template":"","meta":{"jetpack_post_was_ever_published":false,"footnotes":""},"class_list":["post-2","page","type-page","status-publish","hentry","empty-entry-meta"],"jetpack_sharing_enabled":true,"jetpack_shortlink":"https:\/\/wp.me\/P9xAa3-2","jetpack_likes_enabled":true,"jetpack-related-posts":[],"_links":{"self":[{"href":"http:\/\/memelab.com.br\/planop\/wp-json\/wp\/v2\/pages\/2","targetHints":{"allow":["GET"]}}],"collection":[{"href":"http:\/\/memelab.com.br\/planop\/wp-json\/wp\/v2\/pages"}],"about":[{"href":"http:\/\/memelab.com.br\/planop\/wp-json\/wp\/v2\/types\/page"}],"author":[{"embeddable":true,"href":"http:\/\/memelab.com.br\/planop\/wp-json\/wp\/v2\/users\/1"}],"replies":[{"embeddable":true,"href":"http:\/\/memelab.com.br\/planop\/wp-json\/wp\/v2\/comments?post=2"}],"version-history":[{"count":9,"href":"http:\/\/memelab.com.br\/planop\/wp-json\/wp\/v2\/pages\/2\/revisions"}],"predecessor-version":[{"id":93,"href":"http:\/\/memelab.com.br\/planop\/wp-json\/wp\/v2\/pages\/2\/revisions\/93"}],"wp:attachment":[{"href":"http:\/\/memelab.com.br\/planop\/wp-json\/wp\/v2\/media?parent=2"}],"curies":[{"name":"wp","href":"https:\/\/api.w.org\/{rel}","templated":true}]}}