{"id":45,"date":"2018-02-20T21:05:18","date_gmt":"2018-02-21T00:05:18","guid":{"rendered":"http:\/\/memelab.com.br\/planop\/?page_id=45"},"modified":"2018-02-21T16:48:32","modified_gmt":"2018-02-21T19:48:32","slug":"sobre","status":"publish","type":"page","link":"http:\/\/memelab.com.br\/planop\/sobre\/","title":{"rendered":"Sobre"},"content":{"rendered":"<h2>#Plural<\/h2>\n<p>Projeto de manuten\u00e7\u00e3o do coletivo PlanoP e ponto de conex\u00e3o com o memeLab, \u00e9 a realiza\u00e7\u00e3o de aperfei\u00e7oamento art\u00edstico e de aprofundamento da pesquisa de arte e tecnologia. \u00c9 a lat\u00eancia do coletivo de inserir a dan\u00e7a em outros espa\u00e7os, al\u00e9m de continuar suas pesquisas em tecnologia. Desta vez, o coletivo ainda trabalha com diversas outras \u00e1reas art\u00edsticas, acreditando que a diversidade cultural pode elevar e potencializar a dan\u00e7a f\u00edsica. &#8220;P&#8221; desta vez \u00e9 de plural, pluralidade de espa\u00e7os, atua\u00e7\u00e3o, arte e inova\u00e7\u00e3o. Este projeto foi contemplado pelo Fundo Estadual de Arte e Cultura de Goi\u00e1s 2016.<span style=\"color: #ffffff;\">.<\/span><\/p>\n<p><span style=\"color: #ffffff;\">.<\/span><\/p>\n<h2>memeLab<\/h2>\n<p>O memeLab, laborat\u00f3rio de m\u00eddias inst\u00e1veis, se interessa pelas conex\u00f5es entre arte, tecnologia, ci\u00eancia e sociedade. As rela\u00e7\u00f5es e intera\u00e7\u00f5es entre esses elementos s\u00e3o continuamente exploradas em projetos que questionam a rela\u00e7\u00e3o das pessoas com o universo digital, atrav\u00e9s da utiliza\u00e7\u00e3o de tecnologias livres e\/ou pervasivas onde o p\u00fablico assume papel de autor.<br \/>\n<a href=\"http:\/\/youtube.com\/midiasinstaveis\">YouTube<\/a> | <a href=\"https:\/\/facebook.com\/memelab\">Facebook<\/a> | <a href=\"https:\/\/twitter.com\/midiasinstaveis\">Twitter<\/a><\/p>\n<p><span style=\"color: #ffffff;\">.<\/span><\/p>\n<h2>Equipe<\/h2>\n<h4><\/h4>\n<p><img data-recalc-dims=\"1\" loading=\"lazy\" decoding=\"async\" data-attachment-id=\"76\" data-permalink=\"http:\/\/memelab.com.br\/planop\/sobre\/pixel-2-08383\/\" data-orig-file=\"https:\/\/i0.wp.com\/memelab.com.br\/planop\/wp-content\/uploads\/2018\/02\/PIXEL-2-08383.jpg?fit=2497%2C1665\" data-orig-size=\"2497,1665\" data-comments-opened=\"0\" data-image-meta=\"{&quot;aperture&quot;:&quot;0&quot;,&quot;credit&quot;:&quot;&quot;,&quot;camera&quot;:&quot;&quot;,&quot;caption&quot;:&quot;&quot;,&quot;created_timestamp&quot;:&quot;0&quot;,&quot;copyright&quot;:&quot;gabriela mutti&quot;,&quot;focal_length&quot;:&quot;0&quot;,&quot;iso&quot;:&quot;0&quot;,&quot;shutter_speed&quot;:&quot;0&quot;,&quot;title&quot;:&quot;&quot;,&quot;orientation&quot;:&quot;0&quot;}\" data-image-title=\"PIXEL 2-08383\" data-image-description=\"\" data-image-caption=\"\" data-medium-file=\"https:\/\/i0.wp.com\/memelab.com.br\/planop\/wp-content\/uploads\/2018\/02\/PIXEL-2-08383.jpg?fit=300%2C200\" data-large-file=\"https:\/\/i0.wp.com\/memelab.com.br\/planop\/wp-content\/uploads\/2018\/02\/PIXEL-2-08383.jpg?fit=840%2C560\" class=\"aligncenter size-large wp-image-76\" src=\"https:\/\/i0.wp.com\/memelab.com.br\/planop\/wp-content\/uploads\/2018\/02\/PIXEL-2-08383.jpg?resize=840%2C560\" alt=\"\" width=\"840\" height=\"560\" srcset=\"https:\/\/i0.wp.com\/memelab.com.br\/planop\/wp-content\/uploads\/2018\/02\/PIXEL-2-08383.jpg?resize=1024%2C683 1024w, https:\/\/i0.wp.com\/memelab.com.br\/planop\/wp-content\/uploads\/2018\/02\/PIXEL-2-08383.jpg?resize=300%2C200 300w, https:\/\/i0.wp.com\/memelab.com.br\/planop\/wp-content\/uploads\/2018\/02\/PIXEL-2-08383.jpg?resize=768%2C512 768w, https:\/\/i0.wp.com\/memelab.com.br\/planop\/wp-content\/uploads\/2018\/02\/PIXEL-2-08383.jpg?resize=800%2C533 800w, https:\/\/i0.wp.com\/memelab.com.br\/planop\/wp-content\/uploads\/2018\/02\/PIXEL-2-08383.jpg?resize=270%2C180 270w, https:\/\/i0.wp.com\/memelab.com.br\/planop\/wp-content\/uploads\/2018\/02\/PIXEL-2-08383.jpg?w=1680 1680w\" sizes=\"auto, (max-width: 840px) 100vw, 840px\" \/><\/p>\n<h4>VJ pixel<\/h4>\n<p>Iniciou sua carreira art\u00edstica em 2002 e j\u00e1 realizou trabalhos em 4 continentes. Organizou resid\u00eancias art\u00edsticas no Brasil, Canad\u00e1, Col\u00f4mbia (onde produziu uma performance que inclu\u00eda um v\u00eddeo em 360\u00b0) e Reino Unido, e participou de resid\u00eancias tamb\u00e9m na Holanda e Espanha. \u00c9 coordenador do projeto Rede InfoAmazonia (premiado no Google Impact Challenge Brazil), integrante da companhia inglesa ZU-UK e CEO do memeLab.<br \/>\n<a href=\"http:\/\/instagram.com\/vjpixel\/\">Instagram<\/a> | <a href=\"http:\/\/facebook.com\/vjpixel\">Facebook<\/a> | <a href=\"http:\/\/twitter.com\/vjpixel\">Twitter<\/a><\/p>\n<h4><\/h4>\n<p><img data-recalc-dims=\"1\" loading=\"lazy\" decoding=\"async\" data-attachment-id=\"77\" data-permalink=\"http:\/\/memelab.com.br\/planop\/sobre\/fotos-oficiais-memelab-08388-2\/\" data-orig-file=\"https:\/\/i0.wp.com\/memelab.com.br\/planop\/wp-content\/uploads\/2018\/02\/FOTOS-OFICIAIS-MEMELAB-08388-1.jpg?fit=4396%2C2931\" data-orig-size=\"4396,2931\" data-comments-opened=\"0\" data-image-meta=\"{&quot;aperture&quot;:&quot;0&quot;,&quot;credit&quot;:&quot;&quot;,&quot;camera&quot;:&quot;&quot;,&quot;caption&quot;:&quot;&quot;,&quot;created_timestamp&quot;:&quot;0&quot;,&quot;copyright&quot;:&quot;gabriela mutti&quot;,&quot;focal_length&quot;:&quot;0&quot;,&quot;iso&quot;:&quot;0&quot;,&quot;shutter_speed&quot;:&quot;0&quot;,&quot;title&quot;:&quot;&quot;,&quot;orientation&quot;:&quot;0&quot;}\" data-image-title=\"FOTOS OFICIAIS MEMELAB-08388\" data-image-description=\"\" data-image-caption=\"\" data-medium-file=\"https:\/\/i0.wp.com\/memelab.com.br\/planop\/wp-content\/uploads\/2018\/02\/FOTOS-OFICIAIS-MEMELAB-08388-1.jpg?fit=300%2C200\" data-large-file=\"https:\/\/i0.wp.com\/memelab.com.br\/planop\/wp-content\/uploads\/2018\/02\/FOTOS-OFICIAIS-MEMELAB-08388-1.jpg?fit=840%2C560\" class=\"aligncenter wp-image-77 size-large\" src=\"https:\/\/i0.wp.com\/memelab.com.br\/planop\/wp-content\/uploads\/2018\/02\/FOTOS-OFICIAIS-MEMELAB-08388-1.jpg?resize=840%2C560\" alt=\"\" width=\"840\" height=\"560\" srcset=\"https:\/\/i0.wp.com\/memelab.com.br\/planop\/wp-content\/uploads\/2018\/02\/FOTOS-OFICIAIS-MEMELAB-08388-1.jpg?resize=1024%2C683 1024w, https:\/\/i0.wp.com\/memelab.com.br\/planop\/wp-content\/uploads\/2018\/02\/FOTOS-OFICIAIS-MEMELAB-08388-1.jpg?resize=300%2C200 300w, https:\/\/i0.wp.com\/memelab.com.br\/planop\/wp-content\/uploads\/2018\/02\/FOTOS-OFICIAIS-MEMELAB-08388-1.jpg?resize=768%2C512 768w, https:\/\/i0.wp.com\/memelab.com.br\/planop\/wp-content\/uploads\/2018\/02\/FOTOS-OFICIAIS-MEMELAB-08388-1.jpg?resize=800%2C533 800w, https:\/\/i0.wp.com\/memelab.com.br\/planop\/wp-content\/uploads\/2018\/02\/FOTOS-OFICIAIS-MEMELAB-08388-1.jpg?resize=270%2C180 270w, https:\/\/i0.wp.com\/memelab.com.br\/planop\/wp-content\/uploads\/2018\/02\/FOTOS-OFICIAIS-MEMELAB-08388-1.jpg?w=1680 1680w, https:\/\/i0.wp.com\/memelab.com.br\/planop\/wp-content\/uploads\/2018\/02\/FOTOS-OFICIAIS-MEMELAB-08388-1.jpg?w=2520 2520w\" sizes=\"auto, (max-width: 840px) 100vw, 840px\" \/><\/p>\n<h4>Mary Gatis<\/h4>\n<p>Videomaker, VJ, integrante do coletivo multim\u00eddia VJs Retinantz, desenvolve projetos de mapeamento de video e v\u00eddeo-cenografia na \u00e1rea de m\u00fasica, dan\u00e7a e teatro. Criou com o DJ Dolores o Projeto Banda Duet, e trabalhou com artistas como Elba Ramalho, Claudio Assis, Nan\u00e1 Vasconcelos, Johnny Hooker e Orquestra Sinf\u00f4nica de Bras\u00edlia. Apresentou seu trabalho em festivais e mostras como Rec-Beat, Live Cinema, Rock In Rio e DocMontevideo.<br \/>\n<a href=\"https:\/\/vimeo.com\/marygatis\">Vimeo<\/a><\/p>\n<h4><\/h4>\n<h4>Jo\u00e3o Milet Meirelles<\/h4>\n<p>Compositor, produtor musical, live electronics performer e fot\u00f3grafo. Desenvolve desde 2010 seu trabalho autoral em m\u00fasica em performances de live electronics com composi\u00e7\u00f5es autorais dentro do projeto Infus\u00e3o. Desde 2012 toca e produz live electronics na Baiana System. Com a banda Beto Junior em parceria com Duna \u2013 ambiente criativo da artista Lia Cunha \u2013 idealizou e coordena o LARGO &#8211; plataforma de encontros em m\u00fasica expandida e outras maneiras de produzir discursos e sensa\u00e7\u00f5es. Autor do livro fotogr\u00e1fico Ben\u00e7a lan\u00e7ado em 2013. E \u201cSobre os P\u00e9s de Quem Anda\u201d, livro objeto produzido e lan\u00e7ado por DUNA editora. Desde 2004 trabalha como compositor e m\u00fasico de trilhas sonoras para teatro, dan\u00e7a e cinema. Forma\u00e7\u00e3o: Composi\u00e7\u00e3o, UFBA (2004-2009); \u00c1udio e Ac\u00fastica, IAV (2010); Livre improvisa\u00e7\u00e3o, ECA\/USP (2010); Fot\u00f3grafo autodidata.<\/p>\n<p><a href=\"https:\/\/joaommeirelles.bandcamp.com\">Bandcamp<\/a> | <a href=\"https:\/\/soundcloud.com\/joaomiletmeirelles\">Soundcloud<\/a> | <a href=\"http:\/\/joaommeirelles.com\">Site<\/a><\/p>\n<h4><\/h4>\n<p><img data-recalc-dims=\"1\" loading=\"lazy\" decoding=\"async\" data-attachment-id=\"71\" data-permalink=\"http:\/\/memelab.com.br\/planop\/sobre\/0044-layzavasconcelos-5938\/\" data-orig-file=\"https:\/\/i0.wp.com\/memelab.com.br\/planop\/wp-content\/uploads\/2018\/02\/0044-LayzaVasconcelos-5938.jpg?fit=1798%2C1200\" data-orig-size=\"1798,1200\" data-comments-opened=\"0\" data-image-meta=\"{&quot;aperture&quot;:&quot;3.2&quot;,&quot;credit&quot;:&quot;Laza Vasconcelos&quot;,&quot;camera&quot;:&quot;NIKON D800&quot;,&quot;caption&quot;:&quot;&quot;,&quot;created_timestamp&quot;:&quot;1476040466&quot;,&quot;copyright&quot;:&quot;&quot;,&quot;focal_length&quot;:&quot;85&quot;,&quot;iso&quot;:&quot;4000&quot;,&quot;shutter_speed&quot;:&quot;0.066666666666667&quot;,&quot;title&quot;:&quot;&quot;,&quot;orientation&quot;:&quot;0&quot;}\" data-image-title=\"0044-LayzaVasconcelos-5938\" data-image-description=\"\" data-image-caption=\"\" data-medium-file=\"https:\/\/i0.wp.com\/memelab.com.br\/planop\/wp-content\/uploads\/2018\/02\/0044-LayzaVasconcelos-5938.jpg?fit=300%2C200\" data-large-file=\"https:\/\/i0.wp.com\/memelab.com.br\/planop\/wp-content\/uploads\/2018\/02\/0044-LayzaVasconcelos-5938.jpg?fit=840%2C560\" class=\"alignnone size-large wp-image-71\" src=\"https:\/\/i0.wp.com\/memelab.com.br\/planop\/wp-content\/uploads\/2018\/02\/0044-LayzaVasconcelos-5938.jpg?resize=840%2C560\" alt=\"\" width=\"840\" height=\"560\" srcset=\"https:\/\/i0.wp.com\/memelab.com.br\/planop\/wp-content\/uploads\/2018\/02\/0044-LayzaVasconcelos-5938.jpg?resize=1024%2C683 1024w, https:\/\/i0.wp.com\/memelab.com.br\/planop\/wp-content\/uploads\/2018\/02\/0044-LayzaVasconcelos-5938.jpg?resize=300%2C200 300w, https:\/\/i0.wp.com\/memelab.com.br\/planop\/wp-content\/uploads\/2018\/02\/0044-LayzaVasconcelos-5938.jpg?resize=768%2C513 768w, https:\/\/i0.wp.com\/memelab.com.br\/planop\/wp-content\/uploads\/2018\/02\/0044-LayzaVasconcelos-5938.jpg?resize=800%2C534 800w, https:\/\/i0.wp.com\/memelab.com.br\/planop\/wp-content\/uploads\/2018\/02\/0044-LayzaVasconcelos-5938.jpg?resize=270%2C180 270w, https:\/\/i0.wp.com\/memelab.com.br\/planop\/wp-content\/uploads\/2018\/02\/0044-LayzaVasconcelos-5938.jpg?w=1798 1798w, https:\/\/i0.wp.com\/memelab.com.br\/planop\/wp-content\/uploads\/2018\/02\/0044-LayzaVasconcelos-5938.jpg?w=1680 1680w\" sizes=\"auto, (max-width: 840px) 100vw, 840px\" \/><\/p>\n<h4>PlanoP<\/h4>\n<p>Coletivo art\u00edstico criado por Gabriel Cortes, Gleysson Moreira, Guilherme Monteiro e Nilo Martins a partir dos encontros no N\u00facleo Coreogr\u00e1fico Teatro SESI\/Dan\u00e7a UFG e das afinidades em rela\u00e7\u00e3o a Dan\u00e7a Contempor\u00e2nea. O coletivo j\u00e1 se apresentou em turn\u00ea nacional atrav\u00e9s do incentivo do Pr\u00eamio FUNARTE Klauss Vianna de Dan\u00e7a 2014 e hoje conta com o incentivo do FAC do Estado de Goi\u00e1s 2016.<br \/>\n<a href=\"https:\/\/www.facebook.com\/PlanoPcirculando\/\">Facebook<\/a> | <a href=\"https:\/\/www.instagram.com\/coletivoplanop\/\">Instagram<\/a><\/p>\n","protected":false},"excerpt":{"rendered":"<p>#Plural Projeto de manuten\u00e7\u00e3o do coletivo PlanoP e ponto de conex\u00e3o com o memeLab, \u00e9 a realiza\u00e7\u00e3o de aperfei\u00e7oamento art\u00edstico e de aprofundamento da pesquisa de arte e tecnologia. \u00c9 a lat\u00eancia do coletivo de inserir a dan\u00e7a em outros espa\u00e7os, al\u00e9m de continuar suas pesquisas em tecnologia. Desta vez, o coletivo ainda trabalha com&hellip;<\/p>\n","protected":false},"author":1,"featured_media":0,"parent":0,"menu_order":0,"comment_status":"closed","ping_status":"closed","template":"","meta":{"jetpack_post_was_ever_published":false,"footnotes":""},"class_list":["post-45","page","type-page","status-publish","hentry","empty-entry-meta"],"jetpack_sharing_enabled":true,"jetpack_shortlink":"https:\/\/wp.me\/P9xAa3-J","jetpack_likes_enabled":true,"jetpack-related-posts":[],"_links":{"self":[{"href":"http:\/\/memelab.com.br\/planop\/wp-json\/wp\/v2\/pages\/45","targetHints":{"allow":["GET"]}}],"collection":[{"href":"http:\/\/memelab.com.br\/planop\/wp-json\/wp\/v2\/pages"}],"about":[{"href":"http:\/\/memelab.com.br\/planop\/wp-json\/wp\/v2\/types\/page"}],"author":[{"embeddable":true,"href":"http:\/\/memelab.com.br\/planop\/wp-json\/wp\/v2\/users\/1"}],"replies":[{"embeddable":true,"href":"http:\/\/memelab.com.br\/planop\/wp-json\/wp\/v2\/comments?post=45"}],"version-history":[{"count":6,"href":"http:\/\/memelab.com.br\/planop\/wp-json\/wp\/v2\/pages\/45\/revisions"}],"predecessor-version":[{"id":80,"href":"http:\/\/memelab.com.br\/planop\/wp-json\/wp\/v2\/pages\/45\/revisions\/80"}],"wp:attachment":[{"href":"http:\/\/memelab.com.br\/planop\/wp-json\/wp\/v2\/media?parent=45"}],"curies":[{"name":"wp","href":"https:\/\/api.w.org\/{rel}","templated":true}]}}