{"id":50,"date":"2018-02-21T00:17:12","date_gmt":"2018-02-21T03:17:12","guid":{"rendered":"http:\/\/memelab.com.br\/planop\/?page_id=50"},"modified":"2018-02-21T00:17:12","modified_gmt":"2018-02-21T03:17:12","slug":"chamada","status":"publish","type":"page","link":"http:\/\/memelab.com.br\/planop\/chamada\/","title":{"rendered":"Chamada"},"content":{"rendered":"<p>O memeLab e o PlanoP t\u00eam o prazer de convidar para a resid\u00eancia art\u00edstica #Plural, que ocorrer\u00e1 entre 15 a 25 de fevereiro em Goi\u00e2nia. Na ocasi\u00e3o, voc\u00ea poder\u00e1 colaborar com outros artistas na cria\u00e7\u00e3o de uma videodan\u00e7a em 360\u00b0.<\/p>\n<p>A videodan\u00e7a \u00e9 um produto h\u00edbrido realizado com a mistura entre o audiovisual e a dan\u00e7a, tendo como principal elemento o movimento. Nela, escolha dos planos, a montagem e a edi\u00e7\u00e3o das cenas s\u00e3o t\u00e3o importantes para o resultado final quanto os movimentos capturados pelas lentes. Com isso, o produto de uma videodan\u00e7a deixa de ser apenas um registro para se transformar em uma obra art\u00edstica.<\/p>\n<p>V\u00eddeos em 360\u00b0, tamb\u00e9m conhecidos como v\u00eddeos imersivos, s\u00e3o filmagens onde todas as dire\u00e7\u00f5es s\u00e3o gravadas simultaneamente. Enquanto assiste, o espectador tem controle da dire\u00e7\u00e3o para a qual est\u00e1 olhando.<\/p>\n<p>Nosso objetivo na resid\u00eancia \u00e9 realizar uma videodan\u00e7a em 360\u00b0 inspirada nos temas Pop Art e Corpo, Espa\u00e7o e Tempo. Estamos procurando pessoas interessadas em videodan\u00e7a e\/ou v\u00eddeo em 360\u00b0, com ou sem experi\u00eancia na \u00e1rea. A resid\u00eancia \u00e9 aberta a artistas de todas as \u00e1reas: artes visuais, m\u00fasicas, dan\u00e7a, artes c\u00eanicas, cinema, etc., mas temos interesse especial por ilustradoras, cen\u00f3grafas e figurinistas.<\/p>\n<p>As inscri\u00e7\u00f5es podem ser realizadas at\u00e9 o dia 20 de janeiro. Ser\u00e3o realizadas entrevistas via Internet at\u00e9 dia 23 de janeiro, e o resultado final ser\u00e1 divulgado no dia 24 de janeiro.<\/p>\n","protected":false},"excerpt":{"rendered":"<p>O memeLab e o PlanoP t\u00eam o prazer de convidar para a resid\u00eancia art\u00edstica #Plural, que ocorrer\u00e1 entre 15 a 25 de fevereiro em Goi\u00e2nia. Na ocasi\u00e3o, voc\u00ea poder\u00e1 colaborar com outros artistas na cria\u00e7\u00e3o de uma videodan\u00e7a em 360\u00b0. A videodan\u00e7a \u00e9 um produto h\u00edbrido realizado com a mistura entre o audiovisual e a&hellip;<\/p>\n","protected":false},"author":1,"featured_media":0,"parent":0,"menu_order":0,"comment_status":"closed","ping_status":"closed","template":"","meta":{"jetpack_post_was_ever_published":false,"footnotes":""},"class_list":["post-50","page","type-page","status-publish","hentry","empty-entry-meta"],"jetpack_sharing_enabled":true,"jetpack_shortlink":"https:\/\/wp.me\/P9xAa3-O","jetpack_likes_enabled":true,"jetpack-related-posts":[],"_links":{"self":[{"href":"http:\/\/memelab.com.br\/planop\/wp-json\/wp\/v2\/pages\/50","targetHints":{"allow":["GET"]}}],"collection":[{"href":"http:\/\/memelab.com.br\/planop\/wp-json\/wp\/v2\/pages"}],"about":[{"href":"http:\/\/memelab.com.br\/planop\/wp-json\/wp\/v2\/types\/page"}],"author":[{"embeddable":true,"href":"http:\/\/memelab.com.br\/planop\/wp-json\/wp\/v2\/users\/1"}],"replies":[{"embeddable":true,"href":"http:\/\/memelab.com.br\/planop\/wp-json\/wp\/v2\/comments?post=50"}],"version-history":[{"count":1,"href":"http:\/\/memelab.com.br\/planop\/wp-json\/wp\/v2\/pages\/50\/revisions"}],"predecessor-version":[{"id":51,"href":"http:\/\/memelab.com.br\/planop\/wp-json\/wp\/v2\/pages\/50\/revisions\/51"}],"wp:attachment":[{"href":"http:\/\/memelab.com.br\/planop\/wp-json\/wp\/v2\/media?parent=50"}],"curies":[{"name":"wp","href":"https:\/\/api.w.org\/{rel}","templated":true}]}}